{"id":799,"date":"2017-01-03T10:00:13","date_gmt":"2017-01-03T10:00:13","guid":{"rendered":"http:\/\/emmasculpteur.com\/resp\/?page_id=799"},"modified":"2017-01-05T09:50:16","modified_gmt":"2017-01-05T09:50:16","slug":"atelier-sculpture","status":"publish","type":"page","link":"https:\/\/emmasculpteur.com\/resp\/atelier\/atelier-sculpture\/","title":{"rendered":"atelier sculpture"},"content":{"rendered":"<p>[et_pb_section admin_label=\u00a0\u00bbsection\u00a0\u00bb fullwidth=\u00a0\u00bboff\u00a0\u00bb specialty=\u00a0\u00bboff\u00a0\u00bb inner_shadow=\u00a0\u00bboff\u00a0\u00bb parallax=\u00a0\u00bboff\u00a0\u00bb][et_pb_row admin_label=\u00a0\u00bbrow\u00a0\u00bb][et_pb_column type=\u00a0\u00bb4_4&Prime;][et_pb_text admin_label=\u00a0\u00bbTexte\u00a0\u00bb background_layout=\u00a0\u00bblight\u00a0\u00bb text_orientation=\u00a0\u00bbleft\u00a0\u00bb use_border_color=\u00a0\u00bboff\u00a0\u00bb border_color=\u00a0\u00bb#ffffff\u00a0\u00bb border_style=\u00a0\u00bbsolid\u00a0\u00bb]<\/p>\n<p>Bizarre, la perception du temps \u00e0 l\u2019atelier, bien loin de l\u2019image romantique de l\u2019artiste inspir\u00e9 mettant au jour son oeuvre jaillissant soudain<br \/>\nspontan\u00e9ment de la mati\u00e8re ! Les journ\u00e9es,<br \/>\nsi intenses soient-elles pour moi, semblent, de prime abord avoir toutes le m\u00eame rythme.<br \/>\nUne oeuvre, du moins telle que je la con\u00e7ois, est forc\u00e9ment longue \u00e0 na\u00eetre. Une fois pos\u00e9e la base, elle se construit lentement par de<br \/>\nprogressives modifications. Un parall\u00e8le litt\u00e9raire s\u2019impose avec le rythme du Nouveau Roman.<br \/>\nJe pense notamment \u00e0 La Jalousie d\u2019Alain<br \/>\nRobbe-Grillet. Le th\u00e8me est simple : un jaloux<br \/>\nobservant par une jalousie le monde ext\u00e9rieur ; sept chapitres sur douze commencent par<br \/>\n\u00ab Maintenant \u00bb.<br \/>\nLe roman avance par descriptions,<br \/>\ndes descriptions qui se corrigent de proche en proche ; \u00e0 premi\u00e8re lecture r\u00e9p\u00e9titives, elles<br \/>\ndonnent une impression de d\u00e9j\u00e0 lu. Un d\u00e9tail pourtant varie dans chacune, et, en l\u2019alt\u00e9rant, montre la progression du temps\u2026<\/p>\n<p>C\u2019est ainsi que se d\u00e9roule ma cr\u00e9ation. Chaque jour, de l\u00e9g\u00e8res inflexions vont la changer, probablement imperceptibles pour un n\u00e9ophyte. Jour apr\u00e8s jour, elle devient ainsi lentement et inexorablement diff\u00e9rente. Lenteur de la cr\u00e9ation. De l\u2019embryon \u00e0 l\u2019enfant nouveau-n\u00e9, que de chemin<br \/>\nparcouru !&#8230;L\u2019oeuvre est forc\u00e9ment lourde \u00e0 porter\u2026Lenteur de la cr\u00e9ation. Impatience du cr\u00e9ateur. Impatience. Et pourtant, elle est l\u00e0 toute proche\u2026Sa naissance sera forc\u00e9ment exaltante. L\u2019impatience tiendra alors du<br \/>\ntr\u00e9pignement. Vite, vite\u2026laissons la se mettre \u00e0 jour, laissons lui la libert\u00e9 d\u2019exister sans juger ses d\u00e9fauts qui lui conc\u00e8deront peut-\u00eatre un peu plus d\u2019humanit\u00e9\u2026<\/p>\n<p>[\/et_pb_text][\/et_pb_column][\/et_pb_row][et_pb_row admin_label=\u00a0\u00bbLigne\u00a0\u00bb][et_pb_column type=\u00a0\u00bb1_2&Prime;][et_pb_text admin_label=\u00a0\u00bbTexte\u00a0\u00bb background_layout=\u00a0\u00bblight\u00a0\u00bb text_orientation=\u00a0\u00bbleft\u00a0\u00bb use_border_color=\u00a0\u00bboff\u00a0\u00bb border_color=\u00a0\u00bb#ffffff\u00a0\u00bb border_style=\u00a0\u00bbsolid\u00a0\u00bb]<\/p>\n<h4>le Quatri\u00e8me Mur<\/h4>\n<p>[\/et_pb_text][et_pb_gallery admin_label=\u00a0\u00bbGalerie\u00a0\u00bb gallery_ids=\u00a0\u00bb816,814,815,817,818,819,820&Prime; fullwidth=\u00a0\u00bbon\u00a0\u00bb show_title_and_caption=\u00a0\u00bbon\u00a0\u00bb show_pagination=\u00a0\u00bbon\u00a0\u00bb background_layout=\u00a0\u00bblight\u00a0\u00bb auto=\u00a0\u00bbon\u00a0\u00bb hover_overlay_color=\u00a0\u00bbrgba(255,255,255,0.9)\u00a0\u00bb caption_all_caps=\u00a0\u00bboff\u00a0\u00bb use_border_color=\u00a0\u00bboff\u00a0\u00bb border_color=\u00a0\u00bb#ffffff\u00a0\u00bb border_style=\u00a0\u00bbsolid\u00a0\u00bb auto_speed=\u00a0\u00bb4000&Prime; hover_icon=\u00a0\u00bb%%52%%\u00a0\u00bb] [\/et_pb_gallery][\/et_pb_column][et_pb_column type=\u00a0\u00bb1_2&Prime;][et_pb_text admin_label=\u00a0\u00bbTexte\u00a0\u00bb background_layout=\u00a0\u00bblight\u00a0\u00bb text_orientation=\u00a0\u00bbleft\u00a0\u00bb use_border_color=\u00a0\u00bboff\u00a0\u00bb border_color=\u00a0\u00bb#ffffff\u00a0\u00bb border_style=\u00a0\u00bbsolid\u00a0\u00bb]<\/p>\n<h4>petite \u00c9chapp\u00e9e Belle<\/h4>\n<p>[\/et_pb_text][et_pb_gallery admin_label=\u00a0\u00bbGalerie\u00a0\u00bb gallery_ids=\u00a0\u00bb825,826,821,822,823,824&Prime; fullwidth=\u00a0\u00bbon\u00a0\u00bb show_title_and_caption=\u00a0\u00bbon\u00a0\u00bb show_pagination=\u00a0\u00bbon\u00a0\u00bb background_layout=\u00a0\u00bblight\u00a0\u00bb auto=\u00a0\u00bbon\u00a0\u00bb hover_overlay_color=\u00a0\u00bbrgba(255,255,255,0.9)\u00a0\u00bb caption_all_caps=\u00a0\u00bboff\u00a0\u00bb use_border_color=\u00a0\u00bboff\u00a0\u00bb border_color=\u00a0\u00bb#ffffff\u00a0\u00bb border_style=\u00a0\u00bbsolid\u00a0\u00bb auto_speed=\u00a0\u00bb3500&Prime;] [\/et_pb_gallery][\/et_pb_column][\/et_pb_row][\/et_pb_section][et_pb_section admin_label=\u00a0\u00bbsection\u00a0\u00bb background_color=\u00a0\u00bb#3a3a3a\u00a0\u00bb inner_shadow=\u00a0\u00bboff\u00a0\u00bb parallax=\u00a0\u00bbon\u00a0\u00bb][et_pb_row admin_label=\u00a0\u00bbrow\u00a0\u00bb global_module=\u00a0\u00bb796&Prime; make_fullwidth=\u00a0\u00bboff\u00a0\u00bb use_custom_width=\u00a0\u00bboff\u00a0\u00bb width_unit=\u00a0\u00bbon\u00a0\u00bb use_custom_gutter=\u00a0\u00bboff\u00a0\u00bb padding_mobile=\u00a0\u00bboff\u00a0\u00bb allow_player_pause=\u00a0\u00bboff\u00a0\u00bb parallax=\u00a0\u00bboff\u00a0\u00bb parallax_method=\u00a0\u00bboff\u00a0\u00bb make_equal=\u00a0\u00bboff\u00a0\u00bb parallax_1=\u00a0\u00bboff\u00a0\u00bb parallax_method_1=\u00a0\u00bboff\u00a0\u00bb parallax_2=\u00a0\u00bboff\u00a0\u00bb parallax_method_2=\u00a0\u00bboff\u00a0\u00bb parallax_3=\u00a0\u00bboff\u00a0\u00bb parallax_method_3=\u00a0\u00bboff\u00a0\u00bb parallax_4=\u00a0\u00bboff\u00a0\u00bb parallax_method_4=\u00a0\u00bboff\u00a0\u00bb column_padding_mobile=\u00a0\u00bbon\u00a0\u00bb][et_pb_column type=\u00a0\u00bb1_4&Prime;][et_pb_blurb global_parent=\u00a0\u00bb796&Prime; admin_label=\u00a0\u00bbBlurb\u00a0\u00bb title=\u00a0\u00bbles mati\u00e8res\u00a0\u00bb url=\u00a0\u00bbhttps:\/\/emmasculpteur.com\/resp\/atelier\/sculptures-resine-et-composites\/\u00a0\u00bb url_new_window=\u00a0\u00bboff\u00a0\u00bb use_icon=\u00a0\u00bbon\u00a0\u00bb font_icon=\u00a0\u00bb%%173%%\u00a0\u00bb icon_color=\u00a0\u00bb#27d1c8&Prime; use_circle=\u00a0\u00bbon\u00a0\u00bb circle_color=\u00a0\u00bb#ffffff\u00a0\u00bb use_circle_border=\u00a0\u00bbon\u00a0\u00bb circle_border_color=\u00a0\u00bb#e0e0e0&Prime; icon_placement=\u00a0\u00bbtop\u00a0\u00bb animation=\u00a0\u00bbleft\u00a0\u00bb background_layout=\u00a0\u00bbdark\u00a0\u00bb text_orientation=\u00a0\u00bbcenter\u00a0\u00bb use_icon_font_size=\u00a0\u00bboff\u00a0\u00bb use_border_color=\u00a0\u00bboff\u00a0\u00bb border_color=\u00a0\u00bb#ffffff\u00a0\u00bb border_style=\u00a0\u00bbsolid\u00a0\u00bb disabled=\u00a0\u00bboff\u00a0\u00bb body_text_color=\u00a0\u00bb#c1c1c1&Prime;]<\/p>\n<p>les composites et l&rsquo;acier&#8230;.. principalement<\/p>\n<p>[\/et_pb_blurb][\/et_pb_column][et_pb_column type=\u00a0\u00bb1_4&Prime;][et_pb_blurb global_parent=\u00a0\u00bb796&Prime; admin_label=\u00a0\u00bbBlurb\u00a0\u00bb title=\u00a0\u00bbAnatomie\u00a0\u00bb url=\u00a0\u00bbhttps:\/\/emmasculpteur.com\/resp\/atelier\/sculpture-anatomie\/\u00a0\u00bb url_new_window=\u00a0\u00bboff\u00a0\u00bb use_icon=\u00a0\u00bbon\u00a0\u00bb font_icon=\u00a0\u00bb%%258%%\u00a0\u00bb icon_color=\u00a0\u00bb#0dd7db\u00a0\u00bb use_circle=\u00a0\u00bbon\u00a0\u00bb circle_color=\u00a0\u00bb#ffffff\u00a0\u00bb use_circle_border=\u00a0\u00bbon\u00a0\u00bb circle_border_color=\u00a0\u00bb#e0e0e0&Prime; icon_placement=\u00a0\u00bbtop\u00a0\u00bb animation=\u00a0\u00bbtop\u00a0\u00bb background_layout=\u00a0\u00bbdark\u00a0\u00bb text_orientation=\u00a0\u00bbcenter\u00a0\u00bb use_icon_font_size=\u00a0\u00bboff\u00a0\u00bb use_border_color=\u00a0\u00bboff\u00a0\u00bb border_color=\u00a0\u00bb#ffffff\u00a0\u00bb border_style=\u00a0\u00bbsolid\u00a0\u00bb disabled=\u00a0\u00bboff\u00a0\u00bb body_text_color=\u00a0\u00bb#c1c1c1&Prime;]<\/p>\n<p>Question de mod\u00e8les&#8230; reproduction ou construction?<\/p>\n<p>[\/et_pb_blurb][\/et_pb_column][et_pb_column type=\u00a0\u00bb1_4&Prime;][et_pb_blurb global_parent=\u00a0\u00bb796&Prime; admin_label=\u00a0\u00bbBlurb\u00a0\u00bb title=\u00a0\u00bbLe Travail\u00a0\u00bb url_new_window=\u00a0\u00bboff\u00a0\u00bb use_icon=\u00a0\u00bbon\u00a0\u00bb font_icon=\u00a0\u00bb%%108%%\u00a0\u00bb icon_color=\u00a0\u00bb#27d1c8&Prime; use_circle=\u00a0\u00bbon\u00a0\u00bb circle_color=\u00a0\u00bb#ffffff\u00a0\u00bb use_circle_border=\u00a0\u00bbon\u00a0\u00bb circle_border_color=\u00a0\u00bb#e0e0e0&Prime; icon_placement=\u00a0\u00bbtop\u00a0\u00bb animation=\u00a0\u00bbtop\u00a0\u00bb background_layout=\u00a0\u00bbdark\u00a0\u00bb text_orientation=\u00a0\u00bbcenter\u00a0\u00bb use_icon_font_size=\u00a0\u00bboff\u00a0\u00bb use_border_color=\u00a0\u00bboff\u00a0\u00bb border_color=\u00a0\u00bb#ffffff\u00a0\u00bb border_style=\u00a0\u00bbsolid\u00a0\u00bb disabled=\u00a0\u00bboff\u00a0\u00bb url=\u00a0\u00bbhttps:\/\/emmasculpteur.com\/resp\/atelier\/atelier-sculpture\/\u00a0\u00bb body_text_color=\u00a0\u00bb#c1c1c1&Prime;]<\/p>\n<p>Quelques images de l&rsquo;atelier et des pi\u00e8ces en cours de travail<\/p>\n<p>[\/et_pb_blurb][\/et_pb_column][et_pb_column type=\u00a0\u00bb1_4&Prime;][et_pb_blurb global_parent=\u00a0\u00bb796&Prime; admin_label=\u00a0\u00bbBlurb\u00a0\u00bb title=\u00a0\u00bbCommandes\u00a0\u00bb url_new_window=\u00a0\u00bboff\u00a0\u00bb use_icon=\u00a0\u00bbon\u00a0\u00bb font_icon=\u00a0\u00bb%%75%%\u00a0\u00bb icon_color=\u00a0\u00bb#0cd6d2&Prime; use_circle=\u00a0\u00bbon\u00a0\u00bb circle_color=\u00a0\u00bb#ffffff\u00a0\u00bb use_circle_border=\u00a0\u00bbon\u00a0\u00bb circle_border_color=\u00a0\u00bb#e0e0e0&Prime; icon_placement=\u00a0\u00bbtop\u00a0\u00bb animation=\u00a0\u00bbtop\u00a0\u00bb background_layout=\u00a0\u00bbdark\u00a0\u00bb text_orientation=\u00a0\u00bbcenter\u00a0\u00bb use_icon_font_size=\u00a0\u00bboff\u00a0\u00bb use_border_color=\u00a0\u00bboff\u00a0\u00bb border_color=\u00a0\u00bb#ffffff\u00a0\u00bb border_style=\u00a0\u00bbsolid\u00a0\u00bb disabled=\u00a0\u00bboff\u00a0\u00bb url=\u00a0\u00bbhttps:\/\/emmasculpteur.com\/resp\/atelier\/commandes-sculpture\/\u00a0\u00bb body_text_color=\u00a0\u00bb#c1c1c1&Prime;]<\/p>\n<p>EmmA travaille (parfois) sur commande &#8230;<\/p>\n<p>[\/et_pb_blurb][\/et_pb_column][\/et_pb_row][\/et_pb_section]<\/p>\n","protected":false},"excerpt":{"rendered":"<p>Bizarre, la perception du temps \u00e0 l\u2019atelier, bien loin de l\u2019image romantique de l\u2019artiste inspir\u00e9 mettant au jour son oeuvre jaillissant soudain spontan\u00e9ment de la mati\u00e8re ! Les journ\u00e9es, si intenses soient-elles pour moi, semblent, de prime abord avoir toutes le m\u00eame rythme. Une oeuvre, du moins telle que je la con\u00e7ois, est forc\u00e9ment longue [&hellip;]<\/p>\n","protected":false},"author":1,"featured_media":0,"parent":133,"menu_order":0,"comment_status":"closed","ping_status":"closed","template":"","meta":{"_et_pb_use_builder":"on","_et_pb_old_content":"","_et_gb_content_width":"","footnotes":""},"class_list":["post-799","page","type-page","status-publish","hentry"],"_links":{"self":[{"href":"https:\/\/emmasculpteur.com\/resp\/wp-json\/wp\/v2\/pages\/799","targetHints":{"allow":["GET"]}}],"collection":[{"href":"https:\/\/emmasculpteur.com\/resp\/wp-json\/wp\/v2\/pages"}],"about":[{"href":"https:\/\/emmasculpteur.com\/resp\/wp-json\/wp\/v2\/types\/page"}],"author":[{"embeddable":true,"href":"https:\/\/emmasculpteur.com\/resp\/wp-json\/wp\/v2\/users\/1"}],"replies":[{"embeddable":true,"href":"https:\/\/emmasculpteur.com\/resp\/wp-json\/wp\/v2\/comments?post=799"}],"version-history":[{"count":5,"href":"https:\/\/emmasculpteur.com\/resp\/wp-json\/wp\/v2\/pages\/799\/revisions"}],"predecessor-version":[{"id":839,"href":"https:\/\/emmasculpteur.com\/resp\/wp-json\/wp\/v2\/pages\/799\/revisions\/839"}],"up":[{"embeddable":true,"href":"https:\/\/emmasculpteur.com\/resp\/wp-json\/wp\/v2\/pages\/133"}],"wp:attachment":[{"href":"https:\/\/emmasculpteur.com\/resp\/wp-json\/wp\/v2\/media?parent=799"}],"curies":[{"name":"wp","href":"https:\/\/api.w.org\/{rel}","templated":true}]}}