{"id":782,"date":"2017-01-02T20:43:04","date_gmt":"2017-01-02T20:43:04","guid":{"rendered":"http:\/\/emmasculpteur.com\/resp\/?page_id=782"},"modified":"2017-01-04T20:14:24","modified_gmt":"2017-01-04T20:14:24","slug":"sculptures-resine-et-composites","status":"publish","type":"page","link":"https:\/\/emmasculpteur.com\/resp\/atelier\/sculptures-resine-et-composites\/","title":{"rendered":"sculptures r\u00e9sine et composites"},"content":{"rendered":"<p>[et_pb_section admin_label=\u00a0\u00bbsection\u00a0\u00bb fullwidth=\u00a0\u00bbon\u00a0\u00bb specialty=\u00a0\u00bboff\u00a0\u00bb background_color=\u00a0\u00bb#f7f7f7&Prime; inner_shadow=\u00a0\u00bbon\u00a0\u00bb parallax=\u00a0\u00bboff\u00a0\u00bb][et_pb_fullwidth_header admin_label=\u00a0\u00bbFullwidth Header\u00a0\u00bb title=\u00a0\u00bbR\u00e9sines, composites&#8230; \u00a0\u00bb background_layout=\u00a0\u00bbdark\u00a0\u00bb text_orientation=\u00a0\u00bbcenter\u00a0\u00bb subhead=\u00a0\u00bbpourquoi utiliser ces mati\u00e8res contemporaines?\u00a0\u00bb header_fullscreen=\u00a0\u00bboff\u00a0\u00bb header_scroll_down=\u00a0\u00bboff\u00a0\u00bb background_url=\u00a0\u00bbhttps:\/\/emmasculpteur.com\/resp\/wp-content\/uploads\/2016\/09\/affiche-fond-e1482962796557.jpg\u00a0\u00bb parallax=\u00a0\u00bbon\u00a0\u00bb parallax_method=\u00a0\u00bboff\u00a0\u00bb content_orientation=\u00a0\u00bbcenter\u00a0\u00bb image_orientation=\u00a0\u00bbcenter\u00a0\u00bb custom_button_one=\u00a0\u00bboff\u00a0\u00bb button_one_letter_spacing=\u00a0\u00bb0&Prime; button_one_use_icon=\u00a0\u00bbdefault\u00a0\u00bb button_one_icon_placement=\u00a0\u00bbright\u00a0\u00bb button_one_on_hover=\u00a0\u00bbon\u00a0\u00bb button_one_letter_spacing_hover=\u00a0\u00bb0&Prime; custom_button_two=\u00a0\u00bboff\u00a0\u00bb button_two_letter_spacing=\u00a0\u00bb0&Prime; button_two_use_icon=\u00a0\u00bbdefault\u00a0\u00bb button_two_icon_placement=\u00a0\u00bbright\u00a0\u00bb button_two_on_hover=\u00a0\u00bbon\u00a0\u00bb button_two_letter_spacing_hover=\u00a0\u00bb0&Prime; title_font=\u00a0\u00bb|on|||\u00a0\u00bb] [\/et_pb_fullwidth_header][\/et_pb_section][et_pb_section admin_label=\u00a0\u00bbsection\u00a0\u00bb fullwidth=\u00a0\u00bboff\u00a0\u00bb specialty=\u00a0\u00bboff\u00a0\u00bb inner_shadow=\u00a0\u00bboff\u00a0\u00bb parallax=\u00a0\u00bboff\u00a0\u00bb][et_pb_row admin_label=\u00a0\u00bbrow\u00a0\u00bb][et_pb_column type=\u00a0\u00bb4_4&Prime;][et_pb_text admin_label=\u00a0\u00bbTexte\u00a0\u00bb background_layout=\u00a0\u00bblight\u00a0\u00bb text_orientation=\u00a0\u00bbleft\u00a0\u00bb use_border_color=\u00a0\u00bboff\u00a0\u00bb border_color=\u00a0\u00bb#ffffff\u00a0\u00bb border_style=\u00a0\u00bbsolid\u00a0\u00bb]<\/p>\n<h3>Composites&#8230;pourquoi, comment&#8230;<\/h3>\n<p>De par ma curiosit\u00e9 de cr\u00e9atrice, j\u2019ai utilis\u00e9 la plupart des mat\u00e9riaux disponibles tant en modelage qu\u2019en taille : bois, pierre, p\u00e2tes \u00e0 modeler industrielles, cires\u2026<br \/>\nDe m\u00eame j\u2019ai r\u00e9alis\u00e9 des \u0153uvres dans diff\u00e9rents mat\u00e9riaux de tirage (bronze, pl\u00e2tre, et bien entendu maintenant r\u00e9sines et composites).<br \/>\nCe n\u2019est ni par hasard, ni pour des raisons de facilit\u00e9 et d\u2019\u00e9conomie, que mon mat\u00e9riau privil\u00e9gi\u00e9 de travail est devenu au fil du temps les composites, mais uniquement par choix artistique et souci esth\u00e9tique.<\/p>\n<p>[\/et_pb_text][et_pb_accordion admin_label=\u00a0\u00bbAccord\u00e9on\u00a0\u00bb toggle_text_color=\u00a0\u00bb#0cd6cc\u00a0\u00bb use_border_color=\u00a0\u00bboff\u00a0\u00bb border_color=\u00a0\u00bb#ffffff\u00a0\u00bb border_style=\u00a0\u00bbsolid\u00a0\u00bb] [et_pb_accordion_item title=\u00a0\u00bble bronze ?&#8230;.\u00a0\u00bb]<\/p>\n<p>Le bronze a \u00e9t\u00e9 jusqu\u2019au milieu du si\u00e8cle dernier la meilleure mati\u00e8re disponible pour effectuer les tirages d\u2019\u0153uvres d\u2019art. Le bronze n\u2019est pas un mat\u00e9riau de sculpture \u00e0 proprement parler mais bien uniquement une mati\u00e8re qui sert \u00e0 la reproduction des oeuvres d\u2019art ; sa mise en place n\u2019est pas assur\u00e9e par l\u2019artiste dans la plupart des cas, mais par une entreprise ou un artisan : le fondeur.<\/p>\n<p>[\/et_pb_accordion_item][et_pb_accordion_item title=\u00a0\u00bb&#8230;. et maintenant ?\u00a0\u00bb]<\/p>\n<p>Le Bronze pr\u00e9sentait effectivement des atouts au niveau de sa solidit\u00e9, de sa facilit\u00e9 de mise en oeuvre, et de sa r\u00e9sistance relative au temps et aux intemp\u00e9ries&#8230;<br \/>\nS\u2019il \u00e9tait la mati\u00e8re la mieux adapt\u00e9e jusqu\u2019au milieu du XXe si\u00e8cle pour ce genre de travail, ses propri\u00e9t\u00e9s ont \u00e9t\u00e9 compl\u00e8tement d\u00e9pass\u00e9es par ces nouvelles mati\u00e8res d\u00e9sign\u00e9es sous le terme g\u00e9n\u00e9rique de composites : leur solidit\u00e9 est sans commune mesure avec celle du bronze, leur aspect quasi inalt\u00e9rable et surtout, point essentiel \u00e0 mon avis pour le cr\u00e9ateur, cet aspect d\u00e9pend uniquement de la volont\u00e9 de l\u2019artiste et non plus d\u2019un travail al\u00e9atoire et pas toujours heureux de l\u2019oxydation atmosph\u00e9rique&#8230; L\u2019utilisation du bronze, en tant que justification technique, m\u2019appara\u00eet compl\u00e8tement obsol\u00e8te.<\/p>\n<p>[\/et_pb_accordion_item][et_pb_accordion_item title=\u00a0\u00bbavantages des composites\u00a0\u00bb]<\/p>\n<p>La richesse des aspects que l\u2019on peut obtenir avec l\u2019utilisation des composites est sans \u00e9gale ; la palette des possibilit\u00e9s va de la transparence compl\u00e8te \u00e0 l\u2019opacit\u00e9 m\u00e9tallique ou min\u00e9rale ; les touchers sont aussi riches,<br \/>\nfaisant na\u00eetre sous les doigts les sensations de bois, de fonte, d\u2019acier, de verre suivant les \u00e9l\u00e9ments qui vont<br \/>\nconstituer le composite&#8230;<\/p>\n<p>L\u2019artiste a la possibilit\u00e9 d\u2019acqu\u00e9rir la technique suffisante pour ma\u00eetriser son oeuvre jusqu\u2019\u00e0 sa r\u00e9alisation finale.<br \/>\nLe travail est pratiquement semblable \u00e0 celui de la fonte \u00e0 la cire perdue : L\u2019artiste r\u00e9alise d\u00e9j\u00e0 dans un mat\u00e9riau<br \/>\nde taille ou de modelage le mod\u00e8le ; ensuite il faut r\u00e9aliser sur ce mod\u00e8le un moule (g\u00e9n\u00e9ralement moule silicone)<br \/>\nqui permettra le tirage. Pour le bronze, il sera r\u00e9alis\u00e9 un tirage en cire qui sera noy\u00e9 dans un pl\u00e2tre r\u00e9fractaire puis remplac\u00e9 par le m\u00e9tal en fusion lors du coulage. Pour le travail des composites le m\u00e9lange de r\u00e9sine sera appliqu\u00e9 dans le moule soit par stratification, soit par coulage. Les difficult\u00e9s et dangers des deux techniques ne sont pas de m\u00eame nature mais restent similaires. Pour les mod\u00e8les de fonderie les patines sont g\u00e9n\u00e9ralement r\u00e9alis\u00e9es par le fondeur. Personnellement l\u2019utilisation des composites me permet de ma\u00eetriser toutes les \u00e9tapes de la cr\u00e9ation jusqu\u2019\u00e0 la patine que je travaille comme une part enti\u00e8re de ma cr\u00e9ation en de multiples couches successives. (Patines \u00e0 la cire avec application de pigments min\u00e9raux, m\u00e9talliques, naturels ou artificiels). Le prix du travail pour ces deux<br \/>\ntechniques est approximativement semblable ; celui des mati\u00e8res aussi. L\u2019avantage pour le cr\u00e9ateur c\u2019est qu\u2019il peut, apr\u00e8s un tr\u00e8s bon apprentissage technique, ma\u00eetriser son art jusqu\u2019au tirage final de ses oeuvres.<\/p>\n<p>[\/et_pb_accordion_item] [\/et_pb_accordion][\/et_pb_column][\/et_pb_row][\/et_pb_section][et_pb_section admin_label=\u00a0\u00bbsection\u00a0\u00bb background_color=\u00a0\u00bb#3a3a3a\u00a0\u00bb inner_shadow=\u00a0\u00bboff\u00a0\u00bb parallax=\u00a0\u00bbon\u00a0\u00bb][et_pb_row admin_label=\u00a0\u00bbrow\u00a0\u00bb global_module=\u00a0\u00bb796&Prime; make_fullwidth=\u00a0\u00bboff\u00a0\u00bb use_custom_width=\u00a0\u00bboff\u00a0\u00bb width_unit=\u00a0\u00bbon\u00a0\u00bb use_custom_gutter=\u00a0\u00bboff\u00a0\u00bb padding_mobile=\u00a0\u00bboff\u00a0\u00bb allow_player_pause=\u00a0\u00bboff\u00a0\u00bb parallax=\u00a0\u00bboff\u00a0\u00bb parallax_method=\u00a0\u00bboff\u00a0\u00bb make_equal=\u00a0\u00bboff\u00a0\u00bb parallax_1=\u00a0\u00bboff\u00a0\u00bb parallax_method_1=\u00a0\u00bboff\u00a0\u00bb parallax_2=\u00a0\u00bboff\u00a0\u00bb parallax_method_2=\u00a0\u00bboff\u00a0\u00bb parallax_3=\u00a0\u00bboff\u00a0\u00bb parallax_method_3=\u00a0\u00bboff\u00a0\u00bb parallax_4=\u00a0\u00bboff\u00a0\u00bb parallax_method_4=\u00a0\u00bboff\u00a0\u00bb column_padding_mobile=\u00a0\u00bbon\u00a0\u00bb][et_pb_column type=\u00a0\u00bb1_4&Prime;][et_pb_blurb global_parent=\u00a0\u00bb796&Prime; admin_label=\u00a0\u00bbBlurb\u00a0\u00bb title=\u00a0\u00bbles mati\u00e8res\u00a0\u00bb url=\u00a0\u00bbhttps:\/\/emmasculpteur.com\/resp\/atelier\/sculptures-resine-et-composites\/\u00a0\u00bb url_new_window=\u00a0\u00bboff\u00a0\u00bb use_icon=\u00a0\u00bbon\u00a0\u00bb font_icon=\u00a0\u00bb%%173%%\u00a0\u00bb icon_color=\u00a0\u00bb#27d1c8&Prime; use_circle=\u00a0\u00bbon\u00a0\u00bb circle_color=\u00a0\u00bb#ffffff\u00a0\u00bb use_circle_border=\u00a0\u00bbon\u00a0\u00bb circle_border_color=\u00a0\u00bb#e0e0e0&Prime; icon_placement=\u00a0\u00bbtop\u00a0\u00bb animation=\u00a0\u00bbleft\u00a0\u00bb background_layout=\u00a0\u00bbdark\u00a0\u00bb text_orientation=\u00a0\u00bbcenter\u00a0\u00bb use_icon_font_size=\u00a0\u00bboff\u00a0\u00bb use_border_color=\u00a0\u00bboff\u00a0\u00bb border_color=\u00a0\u00bb#ffffff\u00a0\u00bb border_style=\u00a0\u00bbsolid\u00a0\u00bb disabled=\u00a0\u00bboff\u00a0\u00bb body_text_color=\u00a0\u00bb#c1c1c1&Prime;]<\/p>\n<p>les composites et l&rsquo;acier&#8230;.. principalement<\/p>\n<p>[\/et_pb_blurb][\/et_pb_column][et_pb_column type=\u00a0\u00bb1_4&Prime;][et_pb_blurb global_parent=\u00a0\u00bb796&Prime; admin_label=\u00a0\u00bbBlurb\u00a0\u00bb title=\u00a0\u00bbAnatomie\u00a0\u00bb url=\u00a0\u00bbhttps:\/\/emmasculpteur.com\/resp\/atelier\/sculpture-anatomie\/\u00a0\u00bb url_new_window=\u00a0\u00bboff\u00a0\u00bb use_icon=\u00a0\u00bbon\u00a0\u00bb font_icon=\u00a0\u00bb%%258%%\u00a0\u00bb icon_color=\u00a0\u00bb#0dd7db\u00a0\u00bb use_circle=\u00a0\u00bbon\u00a0\u00bb circle_color=\u00a0\u00bb#ffffff\u00a0\u00bb use_circle_border=\u00a0\u00bbon\u00a0\u00bb circle_border_color=\u00a0\u00bb#e0e0e0&Prime; icon_placement=\u00a0\u00bbtop\u00a0\u00bb animation=\u00a0\u00bbtop\u00a0\u00bb background_layout=\u00a0\u00bbdark\u00a0\u00bb text_orientation=\u00a0\u00bbcenter\u00a0\u00bb use_icon_font_size=\u00a0\u00bboff\u00a0\u00bb use_border_color=\u00a0\u00bboff\u00a0\u00bb border_color=\u00a0\u00bb#ffffff\u00a0\u00bb border_style=\u00a0\u00bbsolid\u00a0\u00bb disabled=\u00a0\u00bboff\u00a0\u00bb body_text_color=\u00a0\u00bb#c1c1c1&Prime;]<\/p>\n<p>Question de mod\u00e8les&#8230; reproduction ou construction?<\/p>\n<p>[\/et_pb_blurb][\/et_pb_column][et_pb_column type=\u00a0\u00bb1_4&Prime;][et_pb_blurb global_parent=\u00a0\u00bb796&Prime; admin_label=\u00a0\u00bbBlurb\u00a0\u00bb title=\u00a0\u00bbLe Travail\u00a0\u00bb url_new_window=\u00a0\u00bboff\u00a0\u00bb use_icon=\u00a0\u00bbon\u00a0\u00bb font_icon=\u00a0\u00bb%%108%%\u00a0\u00bb icon_color=\u00a0\u00bb#27d1c8&Prime; use_circle=\u00a0\u00bbon\u00a0\u00bb circle_color=\u00a0\u00bb#ffffff\u00a0\u00bb use_circle_border=\u00a0\u00bbon\u00a0\u00bb circle_border_color=\u00a0\u00bb#e0e0e0&Prime; icon_placement=\u00a0\u00bbtop\u00a0\u00bb animation=\u00a0\u00bbtop\u00a0\u00bb background_layout=\u00a0\u00bbdark\u00a0\u00bb text_orientation=\u00a0\u00bbcenter\u00a0\u00bb use_icon_font_size=\u00a0\u00bboff\u00a0\u00bb use_border_color=\u00a0\u00bboff\u00a0\u00bb border_color=\u00a0\u00bb#ffffff\u00a0\u00bb border_style=\u00a0\u00bbsolid\u00a0\u00bb disabled=\u00a0\u00bboff\u00a0\u00bb url=\u00a0\u00bbhttps:\/\/emmasculpteur.com\/resp\/atelier\/atelier-sculpture\/\u00a0\u00bb body_text_color=\u00a0\u00bb#c1c1c1&Prime;]<\/p>\n<p>Quelques images de l&rsquo;atelier et des pi\u00e8ces en cours de travail<\/p>\n<p>[\/et_pb_blurb][\/et_pb_column][et_pb_column type=\u00a0\u00bb1_4&Prime;][et_pb_blurb global_parent=\u00a0\u00bb796&Prime; admin_label=\u00a0\u00bbBlurb\u00a0\u00bb title=\u00a0\u00bbCommandes\u00a0\u00bb url_new_window=\u00a0\u00bboff\u00a0\u00bb use_icon=\u00a0\u00bbon\u00a0\u00bb font_icon=\u00a0\u00bb%%75%%\u00a0\u00bb icon_color=\u00a0\u00bb#0cd6d2&Prime; use_circle=\u00a0\u00bbon\u00a0\u00bb circle_color=\u00a0\u00bb#ffffff\u00a0\u00bb use_circle_border=\u00a0\u00bbon\u00a0\u00bb circle_border_color=\u00a0\u00bb#e0e0e0&Prime; icon_placement=\u00a0\u00bbtop\u00a0\u00bb animation=\u00a0\u00bbtop\u00a0\u00bb background_layout=\u00a0\u00bbdark\u00a0\u00bb text_orientation=\u00a0\u00bbcenter\u00a0\u00bb use_icon_font_size=\u00a0\u00bboff\u00a0\u00bb use_border_color=\u00a0\u00bboff\u00a0\u00bb border_color=\u00a0\u00bb#ffffff\u00a0\u00bb border_style=\u00a0\u00bbsolid\u00a0\u00bb disabled=\u00a0\u00bboff\u00a0\u00bb url=\u00a0\u00bbhttps:\/\/emmasculpteur.com\/resp\/atelier\/commandes-sculpture\/\u00a0\u00bb body_text_color=\u00a0\u00bb#c1c1c1&Prime;]<\/p>\n<p>EmmA travaille (parfois) sur commande &#8230;<\/p>\n<p>[\/et_pb_blurb][\/et_pb_column][\/et_pb_row][\/et_pb_section]<\/p>\n","protected":false},"excerpt":{"rendered":"<p>Composites&#8230;pourquoi, comment&#8230; De par ma curiosit\u00e9 de cr\u00e9atrice, j\u2019ai utilis\u00e9 la plupart des mat\u00e9riaux disponibles tant en modelage qu\u2019en taille : bois, pierre, p\u00e2tes \u00e0 modeler industrielles, cires\u2026 De m\u00eame j\u2019ai r\u00e9alis\u00e9 des \u0153uvres dans diff\u00e9rents mat\u00e9riaux de tirage (bronze, pl\u00e2tre, et bien entendu maintenant r\u00e9sines et composites). Ce n\u2019est ni par hasard, ni pour [&hellip;]<\/p>\n","protected":false},"author":1,"featured_media":0,"parent":133,"menu_order":0,"comment_status":"closed","ping_status":"closed","template":"","meta":{"_et_pb_use_builder":"on","_et_pb_old_content":"","_et_gb_content_width":"","footnotes":""},"class_list":["post-782","page","type-page","status-publish","hentry"],"_links":{"self":[{"href":"https:\/\/emmasculpteur.com\/resp\/wp-json\/wp\/v2\/pages\/782","targetHints":{"allow":["GET"]}}],"collection":[{"href":"https:\/\/emmasculpteur.com\/resp\/wp-json\/wp\/v2\/pages"}],"about":[{"href":"https:\/\/emmasculpteur.com\/resp\/wp-json\/wp\/v2\/types\/page"}],"author":[{"embeddable":true,"href":"https:\/\/emmasculpteur.com\/resp\/wp-json\/wp\/v2\/users\/1"}],"replies":[{"embeddable":true,"href":"https:\/\/emmasculpteur.com\/resp\/wp-json\/wp\/v2\/comments?post=782"}],"version-history":[{"count":8,"href":"https:\/\/emmasculpteur.com\/resp\/wp-json\/wp\/v2\/pages\/782\/revisions"}],"predecessor-version":[{"id":811,"href":"https:\/\/emmasculpteur.com\/resp\/wp-json\/wp\/v2\/pages\/782\/revisions\/811"}],"up":[{"embeddable":true,"href":"https:\/\/emmasculpteur.com\/resp\/wp-json\/wp\/v2\/pages\/133"}],"wp:attachment":[{"href":"https:\/\/emmasculpteur.com\/resp\/wp-json\/wp\/v2\/media?parent=782"}],"curies":[{"name":"wp","href":"https:\/\/api.w.org\/{rel}","templated":true}]}}