{"id":757,"date":"2017-01-02T18:04:27","date_gmt":"2017-01-02T18:04:27","guid":{"rendered":"http:\/\/emmasculpteur.com\/resp\/?page_id=757"},"modified":"2017-01-02T18:26:39","modified_gmt":"2017-01-02T18:26:39","slug":"demarche-artistique-emma-sculpteur","status":"publish","type":"page","link":"https:\/\/emmasculpteur.com\/resp\/emma-sculpteur-contemporain\/demarche-artistique-emma-sculpteur\/","title":{"rendered":"d\u00e9marche artistique EmmA sculpteur"},"content":{"rendered":"<p>[et_pb_section admin_label=\u00a0\u00bbSection\u00a0\u00bb fullwidth=\u00a0\u00bboff\u00a0\u00bb specialty=\u00a0\u00bboff\u00a0\u00bb][et_pb_row admin_label=\u00a0\u00bbLigne\u00a0\u00bb][et_pb_column type=\u00a0\u00bb3_4&Prime;][et_pb_text admin_label=\u00a0\u00bbTexte\u00a0\u00bb background_layout=\u00a0\u00bblight\u00a0\u00bb text_orientation=\u00a0\u00bbleft\u00a0\u00bb use_border_color=\u00a0\u00bboff\u00a0\u00bb border_color=\u00a0\u00bb#ffffff\u00a0\u00bb border_style=\u00a0\u00bbsolid\u00a0\u00bb]<\/p>\n<h3>EmmA sculpteur:<\/h3>\n<h5 class=\"et_pb_toggle_title\">D\u00e9marche artistique<\/h5>\n<div class=\"et_pb_toggle_content clearfix\">\n<p>Je ne cherche pas \u00e0 faire des objets d\u2019art.<\/p>\n<p>L\u2019esth\u00e9tique seule ne saurait pour moi \u00eatre un but. Elle doit \u00eatre l\u00e0 comme un vecteur sensuel du sens et de l\u2019\u00e9motion afin de toucher \u00e0 l\u2019Oeuvre d\u2019 Art, celle qui permet de s\u2019adresser au c\u0153ur et \u00e0 l\u2019esprit.<\/p>\n<p>Ma sculpture s\u2019inscrit dans un univers contemporain, celui de la r\u00e8gle et du compas, des lignes g\u00e9om\u00e9triques qui le composent.<\/p>\n<p>Mise en sc\u00e8ne de lignes g\u00e9om\u00e9triques d\u2019o\u00f9 se d\u00e9tachent des corps dessinant eux-m\u00eames des lignes g\u00e9om\u00e9triques. Recherche des lignes\u00a0: lignes de l\u2019acier, lignes de corps tendus. Lignes en contraste avec la rondeur et la sensualit\u00e9 de la chair, paradoxale froideur de l\u2019acier face \u00e0 la chaleur de l\u2019\u00eatre\u2026<br \/>\nMes \u0153uvres sont faites des mat\u00e9riaux de notre si\u00e8cle. J\u2019aime utiliser les composites\u00a0; outre leur inalt\u00e9rabilit\u00e9, ils offrent une riche palette de couleurs et de textures; alli\u00e9s au m\u00e9tal, ils s\u2019int\u00e8grent \u00e0 merveille \u00e0 notre architecture.<\/p>\n<p>L\u2019essentiel de mon travail est ax\u00e9 sur le corps humain\u00a0: il s\u2019agit pour moi de cr\u00e9er une mythologie nouvelle dont l\u2019homme est le centre.<\/p>\n<p>Mon but est d\u2019amener la r\u00e9flexion, de remettre en question, de provoquer l\u2019\u00e9motion. Mes corps sont g\u00e9n\u00e9ralement repr\u00e9sent\u00e9s nus, d\u00e9barrass\u00e9s de toute contrainte et convention sociales. Homme d\u00e9masqu\u00e9, lib\u00e9r\u00e9, en qu\u00eate de v\u00e9rit\u00e9. Homme atemporel, jetant son regard sur le monde. Homme agissant nous incitant \u00e0 agir. Je recherche dans mes \u0153uvres la pr\u00e9cision anatomique, non passeulement dans un but esth\u00e9tique mais pour donner davantage d\u2019expressivit\u00e9. Si chaque tendon, chaque muscle justifie un mouvement, ma sculpture, par sa sensualit\u00e9 et sa v\u00e9rit\u00e9, aura plus de force et saura \u00ab\u00a0prendre corps\u00a0\u00bb.<\/p>\n<p>Ce corps \u00ab\u00a0acteur \u2013 spectateur\u00a0\u00bb jettera lui-m\u00eame un regard sur le monde et nous invitera \u00e0 l\u2019imiter, \u00e0 prolonger la r\u00e9flexion qu\u2019il a sugg\u00e9r\u00e9e ou entam\u00e9e. Cette d\u00e9marche \u00ab\u00a0humaniste\u00a0\u00bb est pour moi fondamentale, fruit d\u2019un parcours atypique. Ma\u00eetre es lettres, licenci\u00e9e en philosophie, je suis sensible \u00e0 la \u00ab\u00a0plasticit\u00e9\u00a0\u00bb des mots.<br \/>\nChacune de mes \u0153uvres porte un titre, piste ou amorce de r\u00e9flexion\u00a0: \u00ab\u00a0Politique du Rebelle\u00a0\u00bb, \u00ab\u00a0Carpe diem\u00a0\u00bb, \u00ab\u00a0Echec ou Mat\u00a0\u00bb\u2026Ainsi la cr\u00e9ation litt\u00e9raire anticipe et poursuit mon travail de sculpteur.<\/p>\n<p>Au lecteur \u2013 spectateur de prolonger \u00e0 pr\u00e9sent mon \u0153uvre par son regard et sa r\u00e9flexion\u2026 .<\/p>\n<\/div>\n<p>[\/et_pb_text][\/et_pb_column][et_pb_column type=\u00a0\u00bb1_4&Prime;][et_pb_divider admin_label=\u00a0\u00bbS\u00e9parateur\u00a0\u00bb color=\u00a0\u00bb#0c71c3&Prime; height=\u00a0\u00bb30&Prime; divider_style=\u00a0\u00bbsolid\u00a0\u00bb divider_position=\u00a0\u00bbtop\u00a0\u00bb hide_on_mobile=\u00a0\u00bbon\u00a0\u00bb disabled=\u00a0\u00bboff\u00a0\u00bb show_divider=\u00a0\u00bboff\u00a0\u00bb] [\/et_pb_divider][et_pb_blurb admin_label=\u00a0\u00bbBlurb\u00a0\u00bb title=\u00a0\u00bbretour\u00a0\u00bb url=\u00a0\u00bbhttps:\/\/emmasculpteur.com\/resp\/project\/emma\/\u00a0\u00bb url_new_window=\u00a0\u00bboff\u00a0\u00bb use_icon=\u00a0\u00bbon\u00a0\u00bb font_icon=\u00a0\u00bb%%27%%\u00a0\u00bb icon_color=\u00a0\u00bb#2be2d3&Prime; use_circle=\u00a0\u00bbon\u00a0\u00bb circle_color=\u00a0\u00bb#dbdbdb\u00a0\u00bb use_circle_border=\u00a0\u00bboff\u00a0\u00bb circle_border_color=\u00a0\u00bb#2ea3f2&Prime; image=\u00a0\u00bbhttp:\/\/elegantthemesimages.com\/images\/premade\/d2-placeholder-320px.jpg\u00a0\u00bb icon_placement=\u00a0\u00bbtop\u00a0\u00bb animation=\u00a0\u00bbtop\u00a0\u00bb background_layout=\u00a0\u00bblight\u00a0\u00bb text_orientation=\u00a0\u00bbcenter\u00a0\u00bb use_icon_font_size=\u00a0\u00bboff\u00a0\u00bb use_border_color=\u00a0\u00bboff\u00a0\u00bb border_color=\u00a0\u00bb#ffffff\u00a0\u00bb border_style=\u00a0\u00bbsolid\u00a0\u00bb disabled=\u00a0\u00bboff\u00a0\u00bb saved_tabs=\u00a0\u00bball\u00a0\u00bb] [\/et_pb_blurb][et_pb_blurb admin_label=\u00a0\u00bbBlurb\u00a0\u00bb title=\u00a0\u00bbContact\u00a0\u00bb url=\u00a0\u00bbhttps:\/\/emmasculpteur.com\/resp\/contact\/\u00a0\u00bb url_new_window=\u00a0\u00bboff\u00a0\u00bb use_icon=\u00a0\u00bbon\u00a0\u00bb font_icon=\u00a0\u00bb%%109%%\u00a0\u00bb icon_color=\u00a0\u00bb#2be2d3&Prime; use_circle=\u00a0\u00bbon\u00a0\u00bb circle_color=\u00a0\u00bb#dbdbdb\u00a0\u00bb use_circle_border=\u00a0\u00bboff\u00a0\u00bb circle_border_color=\u00a0\u00bb#2ea3f2&Prime; image=\u00a0\u00bbhttp:\/\/elegantthemesimages.com\/images\/premade\/d2-placeholder-320px.jpg\u00a0\u00bb icon_placement=\u00a0\u00bbtop\u00a0\u00bb animation=\u00a0\u00bbtop\u00a0\u00bb background_layout=\u00a0\u00bblight\u00a0\u00bb text_orientation=\u00a0\u00bbcenter\u00a0\u00bb use_icon_font_size=\u00a0\u00bboff\u00a0\u00bb use_border_color=\u00a0\u00bboff\u00a0\u00bb border_color=\u00a0\u00bb#ffffff\u00a0\u00bb border_style=\u00a0\u00bbsolid\u00a0\u00bb disabled=\u00a0\u00bboff\u00a0\u00bb saved_tabs=\u00a0\u00bball\u00a0\u00bb] [\/et_pb_blurb][et_pb_divider admin_label=\u00a0\u00bbS\u00e9parateur\u00a0\u00bb color=\u00a0\u00bb#0c71c3&Prime; height=\u00a0\u00bb30&Prime; divider_style=\u00a0\u00bbsolid\u00a0\u00bb divider_position=\u00a0\u00bbtop\u00a0\u00bb divider_weight=\u00a0\u00bb1px\u00a0\u00bb hide_on_mobile=\u00a0\u00bbon\u00a0\u00bb disabled=\u00a0\u00bboff\u00a0\u00bb] [\/et_pb_divider][et_pb_social_media_follow admin_label=\u00a0\u00bbSuivez-nous sur les r\u00e9seaux sociaux\u00a0\u00bb link_shape=\u00a0\u00bbrounded_rectangle\u00a0\u00bb background_layout=\u00a0\u00bblight\u00a0\u00bb url_new_window=\u00a0\u00bboff\u00a0\u00bb follow_button=\u00a0\u00bbon\u00a0\u00bb disabled=\u00a0\u00bboff\u00a0\u00bb] [et_pb_social_media_follow_network social_network=\u00a0\u00bbfacebook\u00a0\u00bb url=\u00a0\u00bbhttps:\/\/www.facebook.com\/emma.sculpteur\u00a0\u00bb skype_action=\u00a0\u00bbcall\u00a0\u00bb bg_color=\u00a0\u00bb#3b5998&Prime; disabled=\u00a0\u00bboff\u00a0\u00bb link_shape=\u00a0\u00bbrounded_rectangle\u00a0\u00bb follow_button=\u00a0\u00bbon\u00a0\u00bb url_new_window=\u00a0\u00bboff\u00a0\u00bb] Facebook [\/et_pb_social_media_follow_network] [\/et_pb_social_media_follow][\/et_pb_column][\/et_pb_row][\/et_pb_section][et_pb_section admin_label=\u00a0\u00bbSection\u00a0\u00bb fullwidth=\u00a0\u00bboff\u00a0\u00bb specialty=\u00a0\u00bboff\u00a0\u00bb transparent_background=\u00a0\u00bboff\u00a0\u00bb background_color=\u00a0\u00bb#00495e\u00a0\u00bb allow_player_pause=\u00a0\u00bboff\u00a0\u00bb inner_shadow=\u00a0\u00bboff\u00a0\u00bb parallax=\u00a0\u00bboff\u00a0\u00bb parallax_method=\u00a0\u00bboff\u00a0\u00bb padding_mobile=\u00a0\u00bboff\u00a0\u00bb make_fullwidth=\u00a0\u00bboff\u00a0\u00bb use_custom_width=\u00a0\u00bboff\u00a0\u00bb width_unit=\u00a0\u00bbon\u00a0\u00bb make_equal=\u00a0\u00bboff\u00a0\u00bb use_custom_gutter=\u00a0\u00bboff\u00a0\u00bb][et_pb_row admin_label=\u00a0\u00bbLigne\u00a0\u00bb][et_pb_column type=\u00a0\u00bb1_4&Prime;][et_pb_blurb admin_label=\u00a0\u00bbBlurb\u00a0\u00bb title=\u00a0\u00bbla d\u00e9marche artistique\u00a0\u00bb url_new_window=\u00a0\u00bboff\u00a0\u00bb use_icon=\u00a0\u00bbon\u00a0\u00bb icon_color=\u00a0\u00bb#27cecb\u00a0\u00bb use_circle=\u00a0\u00bboff\u00a0\u00bb circle_color=\u00a0\u00bb#2ea3f2&Prime; use_circle_border=\u00a0\u00bboff\u00a0\u00bb circle_border_color=\u00a0\u00bb#2ea3f2&Prime; image=\u00a0\u00bbhttps:\/\/emmasculpteur.com\/resp\/wp-content\/uploads\/2016\/09\/livre-emma.jpg\u00a0\u00bb icon_placement=\u00a0\u00bbtop\u00a0\u00bb animation=\u00a0\u00bbtop\u00a0\u00bb background_layout=\u00a0\u00bbdark\u00a0\u00bb text_orientation=\u00a0\u00bbcenter\u00a0\u00bb use_icon_font_size=\u00a0\u00bboff\u00a0\u00bb use_border_color=\u00a0\u00bboff\u00a0\u00bb border_color=\u00a0\u00bb#ffffff\u00a0\u00bb border_style=\u00a0\u00bbsolid\u00a0\u00bb disabled=\u00a0\u00bboff\u00a0\u00bb saved_tabs=\u00a0\u00bball\u00a0\u00bb font_icon=\u00a0\u00bb%%150%%\u00a0\u00bb header_text_color=\u00a0\u00bb#ffffff\u00a0\u00bb body_text_color=\u00a0\u00bb#bcbcbc\u00a0\u00bb url=\u00a0\u00bbhttps:\/\/emmasculpteur.com\/resp\/emma-sculpteur-contemporain\/demarche-artistique-emma-sculpteur\/\u00a0\u00bb] l&rsquo;univers artistique d&rsquo;EmmA&#8230; [\/et_pb_blurb][\/et_pb_column][et_pb_column type=\u00a0\u00bb1_4&Prime;][et_pb_blurb admin_label=\u00a0\u00bbBlurb\u00a0\u00bb title=\u00a0\u00bbBio\u00a0\u00bb url_new_window=\u00a0\u00bboff\u00a0\u00bb use_icon=\u00a0\u00bbon\u00a0\u00bb icon_color=\u00a0\u00bb#27cecb\u00a0\u00bb use_circle=\u00a0\u00bboff\u00a0\u00bb circle_color=\u00a0\u00bb#2ea3f2&Prime; use_circle_border=\u00a0\u00bboff\u00a0\u00bb circle_border_color=\u00a0\u00bb#2ea3f2&Prime; image=\u00a0\u00bbhttps:\/\/emmasculpteur.com\/resp\/wp-content\/uploads\/2016\/09\/livre-emma.jpg\u00a0\u00bb icon_placement=\u00a0\u00bbtop\u00a0\u00bb animation=\u00a0\u00bbtop\u00a0\u00bb background_layout=\u00a0\u00bbdark\u00a0\u00bb text_orientation=\u00a0\u00bbcenter\u00a0\u00bb use_icon_font_size=\u00a0\u00bboff\u00a0\u00bb use_border_color=\u00a0\u00bboff\u00a0\u00bb border_color=\u00a0\u00bb#ffffff\u00a0\u00bb border_style=\u00a0\u00bbsolid\u00a0\u00bb disabled=\u00a0\u00bboff\u00a0\u00bb saved_tabs=\u00a0\u00bball\u00a0\u00bb font_icon=\u00a0\u00bb%%148%%\u00a0\u00bb header_text_color=\u00a0\u00bb#ffffff\u00a0\u00bb body_text_color=\u00a0\u00bb#bcbcbc\u00a0\u00bb url=\u00a0\u00bbhttps:\/\/emmasculpteur.com\/resp\/emma-sculpteur-contemporain\/emma-sculpteur-biographie\/\u00a0\u00bb] rep\u00e8res biographiques&#8230;par ce que l\u2019important ce sont juste les \u0153uvres! [\/et_pb_blurb][\/et_pb_column][et_pb_column type=\u00a0\u00bb1_4&Prime;][et_pb_blurb admin_label=\u00a0\u00bbBlurb\u00a0\u00bb title=\u00a0\u00bbr\u00e9flexions\u00a0\u00bb url_new_window=\u00a0\u00bboff\u00a0\u00bb use_icon=\u00a0\u00bbon\u00a0\u00bb icon_color=\u00a0\u00bb#27cecb\u00a0\u00bb use_circle=\u00a0\u00bboff\u00a0\u00bb circle_color=\u00a0\u00bb#2ea3f2&Prime; use_circle_border=\u00a0\u00bboff\u00a0\u00bb circle_border_color=\u00a0\u00bb#2ea3f2&Prime; image=\u00a0\u00bbhttps:\/\/emmasculpteur.com\/resp\/wp-content\/uploads\/2016\/09\/livre-emma.jpg\u00a0\u00bb icon_placement=\u00a0\u00bbtop\u00a0\u00bb animation=\u00a0\u00bbtop\u00a0\u00bb background_layout=\u00a0\u00bbdark\u00a0\u00bb text_orientation=\u00a0\u00bbcenter\u00a0\u00bb use_icon_font_size=\u00a0\u00bboff\u00a0\u00bb use_border_color=\u00a0\u00bboff\u00a0\u00bb border_color=\u00a0\u00bb#ffffff\u00a0\u00bb border_style=\u00a0\u00bbsolid\u00a0\u00bb disabled=\u00a0\u00bboff\u00a0\u00bb saved_tabs=\u00a0\u00bball\u00a0\u00bb font_icon=\u00a0\u00bb%%91%%\u00a0\u00bb header_text_color=\u00a0\u00bb#ffffff\u00a0\u00bb body_text_color=\u00a0\u00bb#bcbcbc\u00a0\u00bb url=\u00a0\u00bbhttps:\/\/emmasculpteur.com\/resp\/emma-sculpteur-contemporain\/reflexions-artistiques\/\u00a0\u00bb] quelques textes et remue-m\u00e9ninges&#8230; [\/et_pb_blurb][\/et_pb_column][et_pb_column type=\u00a0\u00bb1_4&Prime;][et_pb_blurb admin_label=\u00a0\u00bbBlurb\u00a0\u00bb title=\u00a0\u00bbdistinctions\u00a0\u00bb url_new_window=\u00a0\u00bboff\u00a0\u00bb use_icon=\u00a0\u00bbon\u00a0\u00bb icon_color=\u00a0\u00bb#27cecb\u00a0\u00bb use_circle=\u00a0\u00bboff\u00a0\u00bb circle_color=\u00a0\u00bb#2ea3f2&Prime; use_circle_border=\u00a0\u00bboff\u00a0\u00bb circle_border_color=\u00a0\u00bb#2ea3f2&Prime; image=\u00a0\u00bbhttps:\/\/emmasculpteur.com\/resp\/wp-content\/uploads\/2016\/09\/livre-emma.jpg\u00a0\u00bb icon_placement=\u00a0\u00bbtop\u00a0\u00bb animation=\u00a0\u00bbtop\u00a0\u00bb background_layout=\u00a0\u00bbdark\u00a0\u00bb text_orientation=\u00a0\u00bbcenter\u00a0\u00bb use_icon_font_size=\u00a0\u00bboff\u00a0\u00bb use_border_color=\u00a0\u00bboff\u00a0\u00bb border_color=\u00a0\u00bb#ffffff\u00a0\u00bb border_style=\u00a0\u00bbsolid\u00a0\u00bb disabled=\u00a0\u00bboff\u00a0\u00bb saved_tabs=\u00a0\u00bball\u00a0\u00bb font_icon=\u00a0\u00bb%%151%%\u00a0\u00bb header_text_color=\u00a0\u00bb#ffffff\u00a0\u00bb body_text_color=\u00a0\u00bb#bcbcbc\u00a0\u00bb url=\u00a0\u00bbhttps:\/\/emmasculpteur.com\/resp\/emma-sculpteur-contemporain\/distinctions\/\u00a0\u00bb] quelques prix et m\u00e9dailles&#8230; [\/et_pb_blurb][\/et_pb_column][\/et_pb_row][\/et_pb_section]<\/p>\n","protected":false},"excerpt":{"rendered":"<p>EmmA sculpteur: D\u00e9marche artistique Je ne cherche pas \u00e0 faire des objets d\u2019art. L\u2019esth\u00e9tique seule ne saurait pour moi \u00eatre un but. Elle doit \u00eatre l\u00e0 comme un vecteur sensuel du sens et de l\u2019\u00e9motion afin de toucher \u00e0 l\u2019Oeuvre d\u2019 Art, celle qui permet de s\u2019adresser au c\u0153ur et \u00e0 l\u2019esprit. Ma sculpture s\u2019inscrit [&hellip;]<\/p>\n","protected":false},"author":1,"featured_media":0,"parent":54,"menu_order":0,"comment_status":"closed","ping_status":"closed","template":"","meta":{"_et_pb_use_builder":"on","_et_pb_old_content":"","_et_gb_content_width":"","footnotes":""},"class_list":["post-757","page","type-page","status-publish","hentry"],"_links":{"self":[{"href":"https:\/\/emmasculpteur.com\/resp\/wp-json\/wp\/v2\/pages\/757","targetHints":{"allow":["GET"]}}],"collection":[{"href":"https:\/\/emmasculpteur.com\/resp\/wp-json\/wp\/v2\/pages"}],"about":[{"href":"https:\/\/emmasculpteur.com\/resp\/wp-json\/wp\/v2\/types\/page"}],"author":[{"embeddable":true,"href":"https:\/\/emmasculpteur.com\/resp\/wp-json\/wp\/v2\/users\/1"}],"replies":[{"embeddable":true,"href":"https:\/\/emmasculpteur.com\/resp\/wp-json\/wp\/v2\/comments?post=757"}],"version-history":[{"count":2,"href":"https:\/\/emmasculpteur.com\/resp\/wp-json\/wp\/v2\/pages\/757\/revisions"}],"predecessor-version":[{"id":770,"href":"https:\/\/emmasculpteur.com\/resp\/wp-json\/wp\/v2\/pages\/757\/revisions\/770"}],"up":[{"embeddable":true,"href":"https:\/\/emmasculpteur.com\/resp\/wp-json\/wp\/v2\/pages\/54"}],"wp:attachment":[{"href":"https:\/\/emmasculpteur.com\/resp\/wp-json\/wp\/v2\/media?parent=757"}],"curies":[{"name":"wp","href":"https:\/\/api.w.org\/{rel}","templated":true}]}}